{"id":28863,"date":"2024-06-03T13:35:13","date_gmt":"2024-06-03T19:35:13","guid":{"rendered":"https:\/\/cardiologoslaraza.org\/congreso\/?page_id=28863"},"modified":"2026-03-31T13:43:29","modified_gmt":"2026-03-31T19:43:29","slug":"trabajos","status":"publish","type":"page","link":"https:\/\/cardiologoslaraza.org\/congreso\/trabajos\/","title":{"rendered":"Trabajos"},"content":{"rendered":"\t\t<div data-elementor-type=\"wp-post\" data-elementor-id=\"28863\" class=\"elementor elementor-28863\" data-elementor-settings=\"[]\">\n\t\t\t<div class=\"elementor-inner\">\n\t\t\t\t<div class=\"elementor-section-wrap\">\n\t\t\t\t\t\t\t<section class=\"elementor-element elementor-element-a32581d elementor-section-boxed elementor-section-height-default elementor-section-height-default elementor-section elementor-top-section\" data-id=\"a32581d\" data-element_type=\"section\" data-settings=\"{&quot;background_background&quot;:&quot;classic&quot;}\">\n\t\t\t\t\t\t\t<div class=\"elementor-background-overlay\"><\/div>\n\t\t\t\t\t\t\t<div class=\"elementor-container elementor-column-gap-default\">\n\t\t\t\t<div class=\"elementor-row\">\n\t\t\t\t<div class=\"elementor-element elementor-element-f79c5a5 elementor-invisible elementor-column elementor-col-100 elementor-top-column\" data-id=\"f79c5a5\" data-element_type=\"column\" data-settings=\"{&quot;background_background&quot;:&quot;classic&quot;,&quot;animation&quot;:&quot;fadeInDown&quot;}\">\n\t\t\t<div class=\"elementor-column-wrap  elementor-element-populated\">\n\t\t\t\t\t<div class=\"elementor-widget-wrap\">\n\t\t\t\t<div class=\"elementor-element elementor-element-41c2c2b elementor-widget elementor-widget-spacer\" data-id=\"41c2c2b\" data-element_type=\"widget\" data-widget_type=\"spacer.default\">\n\t\t\t\t<div class=\"elementor-widget-container\">\n\t\t\t\t\t<div class=\"elementor-spacer\">\n\t\t\t<div class=\"elementor-spacer-inner\"><\/div>\n\t\t<\/div>\n\t\t\t\t<\/div>\n\t\t\t\t<\/div>\n\t\t\t\t<div class=\"elementor-element elementor-element-2a6d5e2 elementor-widget elementor-widget-spacer\" data-id=\"2a6d5e2\" data-element_type=\"widget\" data-widget_type=\"spacer.default\">\n\t\t\t\t<div class=\"elementor-widget-container\">\n\t\t\t\t\t<div class=\"elementor-spacer\">\n\t\t\t<div class=\"elementor-spacer-inner\"><\/div>\n\t\t<\/div>\n\t\t\t\t<\/div>\n\t\t\t\t<\/div>\n\t\t\t\t<div class=\"elementor-element elementor-element-47f2059 elementor-widget elementor-widget-heading\" data-id=\"47f2059\" data-element_type=\"widget\" data-widget_type=\"heading.default\">\n\t\t\t\t<div class=\"elementor-widget-container\">\n\t\t\t<h2 class=\"elementor-heading-title elementor-size-default\">Registro de Trabajos Libres<\/h2>\t\t<\/div>\n\t\t\t\t<\/div>\n\t\t\t\t<div class=\"elementor-element elementor-element-00adbc9 elementor-widget elementor-widget-spacer\" data-id=\"00adbc9\" data-element_type=\"widget\" data-widget_type=\"spacer.default\">\n\t\t\t\t<div class=\"elementor-widget-container\">\n\t\t\t\t\t<div class=\"elementor-spacer\">\n\t\t\t<div class=\"elementor-spacer-inner\"><\/div>\n\t\t<\/div>\n\t\t\t\t<\/div>\n\t\t\t\t<\/div>\n\t\t\t\t\t\t<\/div>\n\t\t\t<\/div>\n\t\t<\/div>\n\t\t\t\t\t\t<\/div>\n\t\t\t<\/div>\n\t\t<\/section>\n\t\t\t\t<section class=\"elementor-element elementor-element-2aa84c11 elementor-section-stretched elementor-section-full_width elementor-section-height-default elementor-section-height-default elementor-invisible elementor-section elementor-top-section\" data-id=\"2aa84c11\" data-element_type=\"section\" data-settings=\"{&quot;stretch_section&quot;:&quot;section-stretched&quot;,&quot;background_background&quot;:&quot;classic&quot;,&quot;animation&quot;:&quot;none&quot;}\">\n\t\t\t\t\t\t\t<div class=\"elementor-background-overlay\"><\/div>\n\t\t\t\t\t\t\t<div class=\"elementor-container elementor-column-gap-default\">\n\t\t\t\t<div class=\"elementor-row\">\n\t\t\t\t<div class=\"elementor-element elementor-element-7679ba5 elementor-invisible elementor-column elementor-col-100 elementor-top-column\" data-id=\"7679ba5\" data-element_type=\"column\" data-settings=\"{&quot;background_background&quot;:&quot;classic&quot;,&quot;animation&quot;:&quot;none&quot;}\">\n\t\t\t<div class=\"elementor-column-wrap  elementor-element-populated\">\n\t\t\t\t\t<div class=\"elementor-widget-wrap\">\n\t\t\t\t<div class=\"elementor-element elementor-element-5482c88a elementor-invisible elementor-widget elementor-widget-spacer\" data-id=\"5482c88a\" data-element_type=\"widget\" data-settings=\"{&quot;_animation&quot;:&quot;none&quot;}\" data-widget_type=\"spacer.default\">\n\t\t\t\t<div class=\"elementor-widget-container\">\n\t\t\t\t\t<div class=\"elementor-spacer\">\n\t\t\t<div class=\"elementor-spacer-inner\"><\/div>\n\t\t<\/div>\n\t\t\t\t<\/div>\n\t\t\t\t<\/div>\n\t\t\t\t<div class=\"elementor-element elementor-element-e810e29 elementor-hidden-desktop elementor-hidden-tablet elementor-hidden-phone elementor-widget elementor-widget-heading\" data-id=\"e810e29\" data-element_type=\"widget\" data-widget_type=\"heading.default\">\n\t\t\t\t<div class=\"elementor-widget-container\">\n\t\t\t<h2 class=\"elementor-heading-title elementor-size-default\">CERRADO<\/h2>\t\t<\/div>\n\t\t\t\t<\/div>\n\t\t\t\t<div class=\"elementor-element elementor-element-4c52869 elementor-align-center elementor-widget elementor-widget-button\" data-id=\"4c52869\" data-element_type=\"widget\" data-widget_type=\"button.default\">\n\t\t\t\t<div class=\"elementor-widget-container\">\n\t\t\t\t\t<div class=\"elementor-button-wrapper\">\n\t\t\t<a href=\"https:\/\/cardiologoslaraza.org\/congreso\/wp-content\/uploads\/2026\/03\/CONVOCATORIA-TRABAJOS-LIBRES-CONGRESO-ANCCMR-2026.pdf\" target=\"_blank\" class=\"elementor-button-link elementor-button elementor-size-sm\" role=\"button\">\n\t\t\t\t\t\t<span class=\"elementor-button-content-wrapper\">\n\t\t\t\t\t\t<span class=\"elementor-button-icon elementor-align-icon-left\">\n\t\t\t\t<i aria-hidden=\"true\" class=\"fas fa-file-pdf\"><\/i>\t\t\t<\/span>\n\t\t\t\t\t\t<span class=\"elementor-button-text\">Convocatoria<\/span>\n\t\t<\/span>\n\t\t\t\t\t<\/a>\n\t\t<\/div>\n\t\t\t\t<\/div>\n\t\t\t\t<\/div>\n\t\t\t\t<div class=\"elementor-element elementor-element-3b4e95f4 elementor-invisible elementor-widget elementor-widget-text-editor\" data-id=\"3b4e95f4\" data-element_type=\"widget\" data-settings=\"{&quot;_animation&quot;:&quot;none&quot;}\" data-widget_type=\"text-editor.default\">\n\t\t\t\t<div class=\"elementor-widget-container\">\n\t\t\t\t\t<div class=\"elementor-text-editor elementor-clearfix\"><p>Favor de llenar correctamente todos los campos<\/p><p>Archivos a cargar acorde a las categorias<\/p><p>Trabajos Libres: Carta de Presentaci\u00f3n, Resumen<\/p><p>Casos Cl\u00ednicos: Carta De Presentaci\u00f3n, Resumen, Carta De Confidencialidad<\/p><p>Presentaci\u00f3n De Cartel (PDF):Estudios de Investigaci\u00f3n, Reporte de Casos<\/p><\/div>\n\t\t\t\t<\/div>\n\t\t\t\t<\/div>\n\t\t\t\t<div class=\"elementor-element elementor-element-60cbecc elementor-widget elementor-widget-heading\" data-id=\"60cbecc\" data-element_type=\"widget\" data-widget_type=\"heading.default\">\n\t\t\t\t<div class=\"elementor-widget-container\">\n\t\t\t<h2 class=\"elementor-heading-title elementor-size-default\">Env\u00edo de Trabajos<\/h2>\t\t<\/div>\n\t\t\t\t<\/div>\n\t\t\t\t<div class=\"elementor-element elementor-element-5b1f743e elementor-button-align-center elementor-invisible elementor-widget elementor-widget-form\" data-id=\"5b1f743e\" data-element_type=\"widget\" data-settings=\"{&quot;step_next_label&quot;:&quot;Next&quot;,&quot;step_previous_label&quot;:&quot;Previous&quot;,&quot;_animation&quot;:&quot;none&quot;,&quot;button_width&quot;:&quot;100&quot;,&quot;step_type&quot;:&quot;number_text&quot;,&quot;step_icon_shape&quot;:&quot;circle&quot;}\" data-widget_type=\"form.default\">\n\t\t\t\t<div class=\"elementor-widget-container\">\n\t\t\t\t\t<form class=\"elementor-form\" method=\"post\" name=\"Trabajos\">\n\t\t\t<input type=\"hidden\" name=\"post_id\" value=\"28863\"\/>\n\t\t\t<input type=\"hidden\" name=\"form_id\" value=\"5b1f743e\"\/>\n\n\t\t\t\n\t\t\t<div class=\"elementor-form-fields-wrapper elementor-labels-above\">\n\t\t\t\t\t\t\t\t<div class=\"elementor-field-type-text elementor-field-group elementor-column elementor-field-group-name elementor-col-50 elementor-field-required elementor-mark-required\">\n\t\t\t\t\t<label for=\"form-field-name\" class=\"elementor-field-label\">Titulo del trabajo (MAY\u00daSCULAS)<\/label><input size=\"1\" type=\"text\" name=\"form_fields[name]\" id=\"form-field-name\" class=\"elementor-field elementor-size-sm  elementor-field-textual\" placeholder=\"Ingrese el nombre del trabajo con MAY\u00daSCULAS\" required=\"required\" aria-required=\"true\">\t\t\t\t<\/div>\n\t\t\t\t\t\t\t\t<div class=\"elementor-field-type-text elementor-field-group elementor-column elementor-field-group-field_c7b3af4 elementor-col-50 elementor-field-required elementor-mark-required\">\n\t\t\t\t\t<label for=\"form-field-field_c7b3af4\" class=\"elementor-field-label\">Nombre del Coordinador(a)<\/label><input size=\"1\" type=\"text\" name=\"form_fields[field_c7b3af4]\" id=\"form-field-field_c7b3af4\" class=\"elementor-field elementor-size-sm  elementor-field-textual\" placeholder=\"Ingrese su Nombre(s)\" required=\"required\" aria-required=\"true\">\t\t\t\t<\/div>\n\t\t\t\t\t\t\t\t<div class=\"elementor-field-type-email elementor-field-group elementor-column elementor-field-group-email elementor-col-33 elementor-field-required elementor-mark-required\">\n\t\t\t\t\t<label for=\"form-field-email\" class=\"elementor-field-label\">Correo Electr\u00f3nico<\/label><input size=\"1\" type=\"email\" name=\"form_fields[email]\" id=\"form-field-email\" class=\"elementor-field elementor-size-sm  elementor-field-textual\" placeholder=\"Ingrese su Correo Electr\u00f3nico\" required=\"required\" aria-required=\"true\">\t\t\t\t<\/div>\n\t\t\t\t\t\t\t\t<div class=\"elementor-field-type-tel elementor-field-group elementor-column elementor-field-group-field_13adf48 elementor-col-33 elementor-field-required elementor-mark-required\">\n\t\t\t\t\t<label for=\"form-field-field_13adf48\" class=\"elementor-field-label\">N\u00famero Celular<\/label><input size=\"1\" type=\"tel\" name=\"form_fields[field_13adf48]\" id=\"form-field-field_13adf48\" class=\"elementor-field elementor-size-sm  elementor-field-textual\" placeholder=\"Ingrese su N\u00famero Celular\" required=\"required\" aria-required=\"true\" pattern=\"[0-9()#&amp;+*-=.]+\" title=\"Only numbers and phone characters (#, -, *, etc) are accepted.\">\t\t\t\t<\/div>\n\t\t\t\t\t\t\t\t<div class=\"elementor-field-type-textarea elementor-field-group elementor-column elementor-field-group-field_76f72f5 elementor-col-33\">\n\t\t\t\t\t<label for=\"form-field-field_76f72f5\" class=\"elementor-field-label\">Lista de integrantes<\/label><textarea class=\"elementor-field-textual elementor-field  elementor-size-sm\" name=\"form_fields[field_76f72f5]\" id=\"form-field-field_76f72f5\" rows=\"4\" placeholder=\"Separados por &quot;,&quot;\"><\/textarea>\t\t\t\t<\/div>\n\t\t\t\t\t\t\t\t<div class=\"elementor-field-type-text elementor-field-group elementor-column elementor-field-group-field_5cf74f2 elementor-col-25 elementor-field-required elementor-mark-required\">\n\t\t\t\t\t<label for=\"form-field-field_5cf74f2\" class=\"elementor-field-label\">Instituci\u00f3n de adscripci\u00f3n<\/label><input size=\"1\" type=\"text\" name=\"form_fields[field_5cf74f2]\" id=\"form-field-field_5cf74f2\" class=\"elementor-field elementor-size-sm  elementor-field-textual\" placeholder=\"Nombre completo\" required=\"required\" aria-required=\"true\">\t\t\t\t<\/div>\n\t\t\t\t\t\t\t\t<div class=\"elementor-field-type-select elementor-field-group elementor-column elementor-field-group-field_5ba3c9f elementor-col-25 elementor-field-required elementor-mark-required\">\n\t\t\t\t\t<label for=\"form-field-field_5ba3c9f\" class=\"elementor-field-label\">Seleccionar Categor\u00eda<\/label>\t\t<div class=\"elementor-field elementor-select-wrapper \">\n\t\t\t<select name=\"form_fields[field_5ba3c9f]\" id=\"form-field-field_5ba3c9f\" class=\"elementor-field-textual elementor-size-sm\" required=\"required\" aria-required=\"true\">\n\t\t\t\t<option value=\"Trabajo de Investigaci\u00f3n\">Trabajo de Investigaci\u00f3n<\/option><option value=\"Caso Cl\u00ednico\">Caso Cl\u00ednico<\/option><option value=\"Presentaci\u00f3n De Cartel\">Presentaci\u00f3n De Cartel<\/option>\t\t\t<\/select>\n\t\t<\/div>\n\t\t\t\t\t\t<\/div>\n\t\t\t\t\t\t\t\t<div class=\"elementor-field-type-textarea elementor-field-group elementor-column elementor-field-group-field_c19424d elementor-col-33\">\n\t\t\t\t\t<label for=\"form-field-field_c19424d\" class=\"elementor-field-label\">Resumen<\/label><textarea class=\"elementor-field-textual elementor-field  elementor-size-sm\" name=\"form_fields[field_c19424d]\" id=\"form-field-field_c19424d\" rows=\"7\" placeholder=\"250 palabras que contenga: introducci\u00f3n, objetivo, metodolog\u00eda, resultados, conclusiones, palabras clave.\"><\/textarea>\t\t\t\t<\/div>\n\t\t\t\t\t\t\t\t<div class=\"elementor-field-type-upload elementor-field-group elementor-column elementor-field-group-field_bbeb339 elementor-col-33\">\n\t\t\t\t\t<label for=\"form-field-field_bbeb339\" class=\"elementor-field-label\">Carta de Confidencialidad<\/label><input type=\"file\" name=\"form_fields[field_bbeb339]\" id=\"form-field-field_bbeb339\" class=\"elementor-field elementor-size-sm  elementor-upload-field\" data-maxsize=\"5\" data-maxsize-message=\"This file exceeds the maximum allowed size.\">\t\t\t\t<\/div>\n\t\t\t\t\t\t\t\t<div class=\"elementor-field-type-upload elementor-field-group elementor-column elementor-field-group-field_207dd53 elementor-col-33\">\n\t\t\t\t\t<label for=\"form-field-field_207dd53\" class=\"elementor-field-label\">Estudios de investigaci\u00f3n<\/label><input type=\"file\" name=\"form_fields[field_207dd53]\" id=\"form-field-field_207dd53\" class=\"elementor-field elementor-size-sm  elementor-upload-field\" data-maxsize=\"20\" data-maxsize-message=\"This file exceeds the maximum allowed size.\">\t\t\t\t<\/div>\n\t\t\t\t\t\t\t\t<div class=\"elementor-field-type-upload elementor-field-group elementor-column elementor-field-group-field_c660bef elementor-col-33\">\n\t\t\t\t\t<label for=\"form-field-field_c660bef\" class=\"elementor-field-label\">Reporte de Casos<\/label><input type=\"file\" name=\"form_fields[field_c660bef]\" id=\"form-field-field_c660bef\" class=\"elementor-field elementor-size-sm  elementor-upload-field\" data-maxsize=\"20\" data-maxsize-message=\"This file exceeds the maximum allowed size.\">\t\t\t\t<\/div>\n\t\t\t\t\t\t\t\t<div class=\"elementor-field-group elementor-column elementor-field-type-submit elementor-col-100 e-form__buttons\">\n\t\t\t\t\t<button type=\"submit\" class=\"elementor-button elementor-size-sm\">\n\t\t\t\t\t\t<span >\n\t\t\t\t\t\t\t\t\t\t\t\t\t\t\t<span class=\"elementor-align-icon-right elementor-button-icon\">\n\t\t\t\t\t\t\t\t\t<i aria-hidden=\"true\" class=\"fas fa-file-export\"><\/i>\t\t\t\t\t\t\t\t\t\t\t\t\t\t\t\t\t<\/span>\n\t\t\t\t\t\t\t\t\t\t\t\t\t\t\t\t\t\t\t\t\t\t<span class=\"elementor-button-text\">Enviar<\/span>\n\t\t\t\t\t\t\t\t\t\t\t\t\t<\/span>\n\t\t\t\t\t<\/button>\n\t\t\t\t<\/div>\n\t\t\t<\/div>\n\t\t<\/form>\n\t\t\t\t<\/div>\n\t\t\t\t<\/div>\n\t\t\t\t<div class=\"elementor-element elementor-element-4e26b7f elementor-invisible elementor-widget elementor-widget-spacer\" data-id=\"4e26b7f\" data-element_type=\"widget\" data-settings=\"{&quot;_animation&quot;:&quot;none&quot;}\" data-widget_type=\"spacer.default\">\n\t\t\t\t<div class=\"elementor-widget-container\">\n\t\t\t\t\t<div class=\"elementor-spacer\">\n\t\t\t<div class=\"elementor-spacer-inner\"><\/div>\n\t\t<\/div>\n\t\t\t\t<\/div>\n\t\t\t\t<\/div>\n\t\t\t\t<div class=\"elementor-element elementor-element-351cc77 elementor-align-center elementor-invisible elementor-widget elementor-widget-button\" data-id=\"351cc77\" data-element_type=\"widget\" data-settings=\"{&quot;_animation&quot;:&quot;none&quot;}\" data-widget_type=\"button.default\">\n\t\t\t\t<div class=\"elementor-widget-container\">\n\t\t\t\t\t<div class=\"elementor-button-wrapper\">\n\t\t\t<a href=\"https:\/\/cardiologoslaraza.org\/congreso\/\" class=\"elementor-button-link elementor-button elementor-size-sm elementor-animation-shrink\" role=\"button\">\n\t\t\t\t\t\t<span class=\"elementor-button-content-wrapper\">\n\t\t\t\t\t\t<span class=\"elementor-button-icon elementor-align-icon-left\">\n\t\t\t\t<i aria-hidden=\"true\" class=\"fas fa-home\"><\/i>\t\t\t<\/span>\n\t\t\t\t\t\t<span class=\"elementor-button-text\">Volver al inicio<\/span>\n\t\t<\/span>\n\t\t\t\t\t<\/a>\n\t\t<\/div>\n\t\t\t\t<\/div>\n\t\t\t\t<\/div>\n\t\t\t\t<div class=\"elementor-element elementor-element-57377ad4 elementor-widget elementor-widget-spacer\" data-id=\"57377ad4\" data-element_type=\"widget\" data-widget_type=\"spacer.default\">\n\t\t\t\t<div class=\"elementor-widget-container\">\n\t\t\t\t\t<div class=\"elementor-spacer\">\n\t\t\t<div class=\"elementor-spacer-inner\"><\/div>\n\t\t<\/div>\n\t\t\t\t<\/div>\n\t\t\t\t<\/div>\n\t\t\t\t\t\t<\/div>\n\t\t\t<\/div>\n\t\t<\/div>\n\t\t\t\t\t\t<\/div>\n\t\t\t<\/div>\n\t\t<\/section>\n\t\t\t\t\t\t<\/div>\n\t\t\t<\/div>\n\t\t<\/div>\n\t\t","protected":false},"excerpt":{"rendered":"<p>Registro de Trabajos Libres CERRADO Convocatoria Favor de llenar correctamente todos los campos Archivos a cargar acorde a las categorias Trabajos Libres: Carta de Presentaci\u00f3n, Resumen Casos Cl\u00ednicos: Carta De Presentaci\u00f3n, Resumen, Carta De Confidencialidad Presentaci\u00f3n De Cartel (PDF):Estudios de Investigaci\u00f3n, Reporte de Casos Env\u00edo de Trabajos Volver al inicio<\/p>\n","protected":false},"author":1,"featured_media":0,"parent":0,"menu_order":0,"comment_status":"closed","ping_status":"closed","template":"","meta":{"footnotes":""},"class_list":["post-28863","page","type-page","status-publish","hentry"],"_links":{"self":[{"href":"https:\/\/cardiologoslaraza.org\/congreso\/wp-json\/wp\/v2\/pages\/28863","targetHints":{"allow":["GET"]}}],"collection":[{"href":"https:\/\/cardiologoslaraza.org\/congreso\/wp-json\/wp\/v2\/pages"}],"about":[{"href":"https:\/\/cardiologoslaraza.org\/congreso\/wp-json\/wp\/v2\/types\/page"}],"author":[{"embeddable":true,"href":"https:\/\/cardiologoslaraza.org\/congreso\/wp-json\/wp\/v2\/users\/1"}],"replies":[{"embeddable":true,"href":"https:\/\/cardiologoslaraza.org\/congreso\/wp-json\/wp\/v2\/comments?post=28863"}],"version-history":[{"count":14,"href":"https:\/\/cardiologoslaraza.org\/congreso\/wp-json\/wp\/v2\/pages\/28863\/revisions"}],"predecessor-version":[{"id":29232,"href":"https:\/\/cardiologoslaraza.org\/congreso\/wp-json\/wp\/v2\/pages\/28863\/revisions\/29232"}],"wp:attachment":[{"href":"https:\/\/cardiologoslaraza.org\/congreso\/wp-json\/wp\/v2\/media?parent=28863"}],"curies":[{"name":"wp","href":"https:\/\/api.w.org\/{rel}","templated":true}]}}